{"id":16,"date":"2025-09-26T13:44:18","date_gmt":"2025-09-26T13:44:18","guid":{"rendered":"https:\/\/www.familyup.be\/?page_id=16"},"modified":"2026-01-01T19:08:06","modified_gmt":"2026-01-01T19:08:06","slug":"mediation-familiale-2","status":"publish","type":"page","link":"https:\/\/www.familyup.be\/","title":{"rendered":"Accueil"},"content":{"rendered":"\n<p><\/p>\n\n\n\n<h1 class=\"wp-block-heading has-text-color has-link-color has-medium-font-size wp-elements-c4849a332056fd0bd56379464bd200c3\" style=\"color:#e07a5f\"><strong>M\u00e9diation familiale et accompagnement parental en Belgique<\/strong> Retrouver \u00e9quilibre, dialogue et s\u00e9r\u00e9nit\u00e9 au sein de votre famille<\/h1>\n\n\n\n<h1 class=\"wp-block-heading has-ast-global-color-6-color has-text-color has-link-color has-medium-font-size wp-elements-5fb336d8e42c9134c5bbff8c85f34dc2\">Posez un autre regard sur vos relations familiales<\/h1>\n\n\n\n<div class=\"wp-block-group is-layout-flow wp-container-core-group-is-layout-2988f3ba wp-block-group-is-layout-flow\" style=\"margin-top:38px;margin-bottom:38px;padding-top:0px;padding-right:6.6rem;padding-bottom:0px;padding-left:6.6rem\">\n<p class=\"has-text-align-left\">\ud83d\udc49Vous sentez-vous parfois d\u00e9pass\u00e9(e) dans votre r\u00f4le de parent ?<\/p>\n\n\n\n<p class=\"has-text-align-left\">\ud83d\udc49Avez-vous l\u2019impression que le dialogue est difficile ou rompu au sein de votre famille ?<\/p>\n\n\n\n<p class=\"has-text-align-left\">\ud83d\udc49Vous arrive-t-il de vous sentir \u00e9puis\u00e9(e), d\u00e9courag\u00e9(e) ou seul(e) face \u00e0 vos responsabilit\u00e9s ?<\/p>\n\n\n\n<p class=\"has-text-align-left\">\ud83d\udc49Souhaitez-vous retrouver plus de s\u00e9r\u00e9nit\u00e9 et d\u2019\u00e9quilibre dans votre quotidien familial ?<\/p>\n<\/div>\n\n\n\n<p><strong>Vous \u00eates au bon endroit<\/strong>. <strong>FamilyUp<\/strong> est un espace d\u00e9di\u00e9 \u00e0 la <strong>m\u00e9diation familiale et \u00e0 l\u2019accompagnement parental en Belgique<\/strong>.<br>Je crois profond\u00e9ment que chaque famille peut retrouver \u00e9quilibre, dialogue et s\u00e9r\u00e9nit\u00e9, m\u00eame dans les moments de crise, de tension ou d\u2019\u00e9puisement.<\/p>\n\n\n\n<p>\u201cUp\u201d signifie <em>relever, \u00e9lever, remettre debout.<\/em><br>C\u2019est exactement l\u2019esprit de FamilyUp : <strong>accompagner les familles<\/strong> pour se <strong>redresser ensemble<\/strong>, se reconnecter autour de ce qui compte vraiment et avancer vers plus de compr\u00e9hension mutuelle.<\/p>\n\n\n\n<p>FamilyUp, c\u2019est :<\/p>\n\n\n\n<ul class=\"wp-block-list\">\n<li>un lieu <strong>neutre et s\u00e9curisant<\/strong>, o\u00f9 la parole de chacun a de la valeur ;<\/li>\n\n\n\n<li>un <strong>accompagnement parental<\/strong> pour remettre du sens et du lien l\u00e0 o\u00f9 le dialogue s\u2019est rompu ;<\/li>\n\n\n\n<li>un <strong>soutien aux parents en \u00e9puisement<\/strong> pour retrouver \u00e9nergie, clart\u00e9 et confiance ;<\/li>\n\n\n\n<li>une <strong>m\u00e9diation familiale<\/strong> pour apaiser les tensions et pr\u00e9venir les conflits ;<\/li>\n\n\n\n<li>un espace d\u2019\u00e9coute pour <strong>mieux comprendre les \u00e9motions<\/strong> de chacun et recr\u00e9er des ponts dans la relation ;<\/li>\n\n\n\n<li>une d\u00e9marche fond\u00e9e sur la <strong>bienveillance, la clart\u00e9 et l\u2019authenticit\u00e9<\/strong>, afin que chaque membre de la famille retrouve sa place.<\/li>\n<\/ul>\n\n\n\n<p>Bas\u00e9e en Belgique, <strong>FamilyUp<\/strong> propose des s\u00e9ances de <strong>m\u00e9diation et d\u2019accompagnement parental<\/strong> en pr\u00e9sentiel ou \u00e0 distance.<br>Un espace pour respirer, dialoguer et construire ensemble des solutions durables, \u00e0 votre rythme<\/p>\n\n\n\n<div class=\"wp-block-group is-layout-constrained wp-block-group-is-layout-constrained\">\n<div class=\"wp-block-columns is-layout-flex wp-container-core-columns-is-layout-28f84493 wp-block-columns-is-layout-flex\">\n<div class=\"wp-block-column is-layout-flow wp-block-column-is-layout-flow\">\n<figure class=\"wp-block-image size-full\"><img fetchpriority=\"high\" decoding=\"async\" width=\"612\" height=\"408\" src=\"https:\/\/www.familyup.be\/wp-content\/uploads\/2025\/09\/mediation-2-3.jpg\" alt=\"\" class=\"wp-image-76\" srcset=\"https:\/\/www.familyup.be\/wp-content\/uploads\/2025\/09\/mediation-2-3.jpg 612w, https:\/\/www.familyup.be\/wp-content\/uploads\/2025\/09\/mediation-2-3-300x200.jpg 300w\" sizes=\"(max-width: 612px) 100vw, 612px\" \/><\/figure>\n\n\n\n<h3 class=\"wp-block-heading has-text-align-center\">M\u00e9diation familiale<\/h3>\n\n\n\n<p><strong>Retrouver le dialogue, apaiser les tensions.<\/strong> Un espace confidentiel pour que vous puissiez construire ensemble des solutions durables pour demain.<\/p>\n\n\n\n<div class=\"wp-block-buttons is-layout-flex wp-block-buttons-is-layout-flex\">\n<div class=\"wp-block-button has-custom-width wp-block-button__width-100\" id=\"https:\/\/www.familyup.be\/index.php\/mediation-familiale\/\"><a class=\"wp-block-button__link wp-element-button\" href=\"https:\/\/www.familyup.be\/index.php\/mediation-familiale\/\">En savoir plus<\/a><\/div>\n<\/div>\n\n\n\n<div style=\"height:30px\" aria-hidden=\"true\" class=\"wp-block-spacer\"><\/div>\n<\/div>\n\n\n\n<div class=\"wp-block-column is-layout-flow wp-block-column-is-layout-flow\">\n<figure class=\"wp-block-image size-full\"><img decoding=\"async\" width=\"612\" height=\"408\" src=\"http:\/\/www.familyup.be\/wp-content\/uploads\/2025\/09\/Epuisement-parent.jpg\" alt=\"\" class=\"wp-image-36\" srcset=\"https:\/\/www.familyup.be\/wp-content\/uploads\/2025\/09\/Epuisement-parent.jpg 612w, https:\/\/www.familyup.be\/wp-content\/uploads\/2025\/09\/Epuisement-parent-300x200.jpg 300w\" sizes=\"(max-width: 612px) 100vw, 612px\" \/><\/figure>\n\n\n\n<h3 class=\"wp-block-heading has-text-align-center\">Epuisement et burn out parental <\/h3>\n\n\n\n<p><strong>Quand la fatigue devient trop lourde \u00e0 porter.<\/strong><br>Des ressources pour souffler, comprendre et se reconstruire. Parce qu\u2019aucun parent ne devrait pas traverser l\u2019\u00e9puisement seul.<\/p>\n\n\n\n<div class=\"wp-block-buttons is-content-justification-center is-layout-flex wp-container-core-buttons-is-layout-a89b3969 wp-block-buttons-is-layout-flex\">\n<div class=\"wp-block-button has-custom-width wp-block-button__width-100\"><a class=\"wp-block-button__link wp-element-button\" href=\"https:\/\/www.familyup.be\/index.php\/parentalite\/epuisement-burn-out-parental\/\">En savoir plus<\/a><\/div>\n<\/div>\n\n\n\n<div style=\"height:30px\" aria-hidden=\"true\" class=\"wp-block-spacer\"><\/div>\n<\/div>\n\n\n\n<div class=\"wp-block-column is-layout-flow wp-block-column-is-layout-flow\">\n<figure class=\"wp-block-image size-full\"><img decoding=\"async\" width=\"612\" height=\"408\" src=\"http:\/\/www.familyup.be\/wp-content\/uploads\/2025\/09\/Parentalite.jpg\" alt=\"\" class=\"wp-image-41\" srcset=\"https:\/\/www.familyup.be\/wp-content\/uploads\/2025\/09\/Parentalite.jpg 612w, https:\/\/www.familyup.be\/wp-content\/uploads\/2025\/09\/Parentalite-300x200.jpg 300w\" sizes=\"(max-width: 612px) 100vw, 612px\" \/><\/figure>\n\n\n\n<h3 class=\"wp-block-heading has-text-align-center\">Parentalit\u00e9<\/h3>\n\n\n\n<p><strong>Chaque famille est unique.<\/strong> Des ressources pour mieux comprendre les r\u00e9alit\u00e9s de la parentalit\u00e9 aujourd\u2019hui, et accompagner les d\u00e9fis du quotidien.<\/p>\n\n\n\n<div class=\"wp-block-buttons is-content-justification-right is-layout-flex wp-container-core-buttons-is-layout-d445cf74 wp-block-buttons-is-layout-flex\">\n<div class=\"wp-block-button has-custom-width wp-block-button__width-100\"><a class=\"wp-block-button__link has-text-align-center wp-element-button\" href=\"https:\/\/www.familyup.be\/index.php\/parentalite\/\">En savoir plus<\/a><\/div>\n<\/div>\n\n\n\n<div style=\"height:30px\" aria-hidden=\"true\" class=\"wp-block-spacer\"><\/div>\n<\/div>\n<\/div>\n<\/div>\n\n\n\n<p id=\"https:\/\/www.familyup.be\/index.php\/mediation-familiale\/\">FamilyUp \u2013 \u00c9lo\u00efse Colassin, m\u00e9diatrice familiale agr\u00e9\u00e9e et consultante en parentalit\u00e9 en Belgique.<\/p>\n\n\n\n<p><\/p>\n\n\n\n<p><\/p>\n","protected":false},"excerpt":{"rendered":"<p>M\u00e9diation familiale et accompagnement parental en Belgique Retrouver \u00e9quilibre, dialogue et s\u00e9r\u00e9nit\u00e9 au sein de votre famille Posez un autre [&hellip;]<\/p>\n","protected":false},"author":1,"featured_media":0,"parent":0,"menu_order":0,"comment_status":"closed","ping_status":"closed","template":"","meta":{"site-sidebar-layout":"default","site-content-layout":"","ast-site-content-layout":"default","site-content-style":"default","site-sidebar-style":"default","ast-global-header-display":"","ast-banner-title-visibility":"","ast-main-header-display":"","ast-hfb-above-header-display":"","ast-hfb-below-header-display":"","ast-hfb-mobile-header-display":"","site-post-title":"disabled","ast-breadcrumbs-content":"","ast-featured-img":"","footer-sml-layout":"","theme-transparent-header-meta":"","adv-header-id-meta":"","stick-header-meta":"","header-above-stick-meta":"","header-main-stick-meta":"","header-below-stick-meta":"","astra-migrate-meta-layouts":"default","ast-page-background-enabled":"default","ast-page-background-meta":{"desktop":{"background-color":"var(--ast-global-color-5)","background-image":"","background-repeat":"repeat","background-position":"center center","background-size":"auto","background-attachment":"scroll","background-type":"","background-media":"","overlay-type":"","overlay-color":"","overlay-opacity":"","overlay-gradient":""},"tablet":{"background-color":"","background-image":"","background-repeat":"repeat","background-position":"center center","background-size":"auto","background-attachment":"scroll","background-type":"","background-media":"","overlay-type":"","overlay-color":"","overlay-opacity":"","overlay-gradient":""},"mobile":{"background-color":"","background-image":"","background-repeat":"repeat","background-position":"center center","background-size":"auto","background-attachment":"scroll","background-type":"","background-media":"","overlay-type":"","overlay-color":"","overlay-opacity":"","overlay-gradient":""}},"ast-content-background-meta":{"desktop":{"background-color":"var(--ast-global-color-4)","background-image":"","background-repeat":"repeat","background-position":"center center","background-size":"auto","background-attachment":"scroll","background-type":"","background-media":"","overlay-type":"","overlay-color":"","overlay-opacity":"","overlay-gradient":""},"tablet":{"background-color":"var(--ast-global-color-4)","background-image":"","background-repeat":"repeat","background-position":"center center","background-size":"auto","background-attachment":"scroll","background-type":"","background-media":"","overlay-type":"","overlay-color":"","overlay-opacity":"","overlay-gradient":""},"mobile":{"background-color":"var(--ast-global-color-4)","background-image":"","background-repeat":"repeat","background-position":"center center","background-size":"auto","background-attachment":"scroll","background-type":"","background-media":"","overlay-type":"","overlay-color":"","overlay-opacity":"","overlay-gradient":""}},"footnotes":""},"class_list":["post-16","page","type-page","status-publish","hentry"],"yoast_head":"<!-- This site is optimized with the Yoast SEO plugin v26.0 - https:\/\/yoast.com\/wordpress\/plugins\/seo\/ -->\n<title>Accueil -<\/title>\n<meta name=\"description\" content=\"M\u00e9diation familiale et accompagnement parental en Belgique. FamilyUp aide les familles \u00e0 retrouver \u00e9quilibre, dialogue et s\u00e9r\u00e9nit\u00e9.\" \/>\n<meta name=\"robots\" content=\"index, follow, max-snippet:-1, max-image-preview:large, max-video-preview:-1\" \/>\n<link rel=\"canonical\" href=\"https:\/\/www.familyup.be\/\" \/>\n<meta property=\"og:locale\" content=\"fr_FR\" \/>\n<meta property=\"og:type\" content=\"article\" \/>\n<meta property=\"og:title\" content=\"Accueil -\" \/>\n<meta property=\"og:description\" content=\"M\u00e9diation familiale et accompagnement parental en Belgique. FamilyUp aide les familles \u00e0 retrouver \u00e9quilibre, dialogue et s\u00e9r\u00e9nit\u00e9.\" \/>\n<meta property=\"og:url\" content=\"https:\/\/www.familyup.be\/\" \/>\n<meta property=\"article:modified_time\" content=\"2026-01-01T19:08:06+00:00\" \/>\n<meta property=\"og:image\" content=\"https:\/\/www.familyup.be\/wp-content\/uploads\/2025\/09\/mediation-2-3.jpg\" \/>\n<meta name=\"twitter:card\" content=\"summary_large_image\" \/>\n<meta name=\"twitter:label1\" content=\"Dur\u00e9e de lecture estim\u00e9e\" \/>\n\t<meta name=\"twitter:data1\" content=\"3 minutes\" \/>\n<script type=\"application\/ld+json\" class=\"yoast-schema-graph\">{\"@context\":\"https:\/\/schema.org\",\"@graph\":[{\"@type\":\"WebPage\",\"@id\":\"https:\/\/www.familyup.be\/\",\"url\":\"https:\/\/www.familyup.be\/\",\"name\":\"Accueil -\",\"isPartOf\":{\"@id\":\"https:\/\/www.familyup.be\/#website\"},\"primaryImageOfPage\":{\"@id\":\"https:\/\/www.familyup.be\/#primaryimage\"},\"image\":{\"@id\":\"https:\/\/www.familyup.be\/#primaryimage\"},\"thumbnailUrl\":\"https:\/\/www.familyup.be\/wp-content\/uploads\/2025\/09\/mediation-2-3.jpg\",\"datePublished\":\"2025-09-26T13:44:18+00:00\",\"dateModified\":\"2026-01-01T19:08:06+00:00\",\"description\":\"M\u00e9diation familiale et accompagnement parental en Belgique. FamilyUp aide les familles \u00e0 retrouver \u00e9quilibre, dialogue et s\u00e9r\u00e9nit\u00e9.\",\"breadcrumb\":{\"@id\":\"https:\/\/www.familyup.be\/#breadcrumb\"},\"inLanguage\":\"fr-FR\",\"potentialAction\":[{\"@type\":\"ReadAction\",\"target\":[\"https:\/\/www.familyup.be\/\"]}]},{\"@type\":\"ImageObject\",\"inLanguage\":\"fr-FR\",\"@id\":\"https:\/\/www.familyup.be\/#primaryimage\",\"url\":\"https:\/\/www.familyup.be\/wp-content\/uploads\/2025\/09\/mediation-2-3.jpg\",\"contentUrl\":\"https:\/\/www.familyup.be\/wp-content\/uploads\/2025\/09\/mediation-2-3.jpg\",\"width\":612,\"height\":408,\"caption\":\"M\u00e9diation familiale - \u00e9coute bienveillante et accompagnement relationnel\"},{\"@type\":\"BreadcrumbList\",\"@id\":\"https:\/\/www.familyup.be\/#breadcrumb\",\"itemListElement\":[{\"@type\":\"ListItem\",\"position\":1,\"name\":\"Accueil\",\"item\":\"https:\/\/www.familyup.be\/\"},{\"@type\":\"ListItem\",\"position\":2,\"name\":\"Accueil\"}]},{\"@type\":\"WebSite\",\"@id\":\"https:\/\/www.familyup.be\/#website\",\"url\":\"https:\/\/www.familyup.be\/\",\"name\":\"Elo\u00efse Colassin\",\"description\":\"\",\"publisher\":{\"@id\":\"https:\/\/www.familyup.be\/#\/schema\/person\/1d17e808a201a93fc8deae7bc38cdb6f\"},\"potentialAction\":[{\"@type\":\"SearchAction\",\"target\":{\"@type\":\"EntryPoint\",\"urlTemplate\":\"https:\/\/www.familyup.be\/?s={search_term_string}\"},\"query-input\":{\"@type\":\"PropertyValueSpecification\",\"valueRequired\":true,\"valueName\":\"search_term_string\"}}],\"inLanguage\":\"fr-FR\"},{\"@type\":[\"Person\",\"Organization\"],\"@id\":\"https:\/\/www.familyup.be\/#\/schema\/person\/1d17e808a201a93fc8deae7bc38cdb6f\",\"name\":\"EloiseColassin\",\"image\":{\"@type\":\"ImageObject\",\"inLanguage\":\"fr-FR\",\"@id\":\"https:\/\/www.familyup.be\/#\/schema\/person\/image\/\",\"url\":\"https:\/\/www.familyup.be\/wp-content\/uploads\/2025\/10\/cropped-Logo-sans-picto.png\",\"contentUrl\":\"https:\/\/www.familyup.be\/wp-content\/uploads\/2025\/10\/cropped-Logo-sans-picto.png\",\"width\":1023,\"height\":513,\"caption\":\"EloiseColassin\"},\"logo\":{\"@id\":\"https:\/\/www.familyup.be\/#\/schema\/person\/image\/\"},\"sameAs\":[\"http:\/\/www.familyup.be\"]}]}<\/script>\n<!-- \/ Yoast SEO plugin. -->","yoast_head_json":{"title":"Accueil -","description":"M\u00e9diation familiale et accompagnement parental en Belgique. FamilyUp aide les familles \u00e0 retrouver \u00e9quilibre, dialogue et s\u00e9r\u00e9nit\u00e9.","robots":{"index":"index","follow":"follow","max-snippet":"max-snippet:-1","max-image-preview":"max-image-preview:large","max-video-preview":"max-video-preview:-1"},"canonical":"https:\/\/www.familyup.be\/","og_locale":"fr_FR","og_type":"article","og_title":"Accueil -","og_description":"M\u00e9diation familiale et accompagnement parental en Belgique. FamilyUp aide les familles \u00e0 retrouver \u00e9quilibre, dialogue et s\u00e9r\u00e9nit\u00e9.","og_url":"https:\/\/www.familyup.be\/","article_modified_time":"2026-01-01T19:08:06+00:00","og_image":[{"url":"https:\/\/www.familyup.be\/wp-content\/uploads\/2025\/09\/mediation-2-3.jpg","type":"","width":"","height":""}],"twitter_card":"summary_large_image","twitter_misc":{"Dur\u00e9e de lecture estim\u00e9e":"3 minutes"},"schema":{"@context":"https:\/\/schema.org","@graph":[{"@type":"WebPage","@id":"https:\/\/www.familyup.be\/","url":"https:\/\/www.familyup.be\/","name":"Accueil -","isPartOf":{"@id":"https:\/\/www.familyup.be\/#website"},"primaryImageOfPage":{"@id":"https:\/\/www.familyup.be\/#primaryimage"},"image":{"@id":"https:\/\/www.familyup.be\/#primaryimage"},"thumbnailUrl":"https:\/\/www.familyup.be\/wp-content\/uploads\/2025\/09\/mediation-2-3.jpg","datePublished":"2025-09-26T13:44:18+00:00","dateModified":"2026-01-01T19:08:06+00:00","description":"M\u00e9diation familiale et accompagnement parental en Belgique. FamilyUp aide les familles \u00e0 retrouver \u00e9quilibre, dialogue et s\u00e9r\u00e9nit\u00e9.","breadcrumb":{"@id":"https:\/\/www.familyup.be\/#breadcrumb"},"inLanguage":"fr-FR","potentialAction":[{"@type":"ReadAction","target":["https:\/\/www.familyup.be\/"]}]},{"@type":"ImageObject","inLanguage":"fr-FR","@id":"https:\/\/www.familyup.be\/#primaryimage","url":"https:\/\/www.familyup.be\/wp-content\/uploads\/2025\/09\/mediation-2-3.jpg","contentUrl":"https:\/\/www.familyup.be\/wp-content\/uploads\/2025\/09\/mediation-2-3.jpg","width":612,"height":408,"caption":"M\u00e9diation familiale - \u00e9coute bienveillante et accompagnement relationnel"},{"@type":"BreadcrumbList","@id":"https:\/\/www.familyup.be\/#breadcrumb","itemListElement":[{"@type":"ListItem","position":1,"name":"Accueil","item":"https:\/\/www.familyup.be\/"},{"@type":"ListItem","position":2,"name":"Accueil"}]},{"@type":"WebSite","@id":"https:\/\/www.familyup.be\/#website","url":"https:\/\/www.familyup.be\/","name":"Elo\u00efse Colassin","description":"","publisher":{"@id":"https:\/\/www.familyup.be\/#\/schema\/person\/1d17e808a201a93fc8deae7bc38cdb6f"},"potentialAction":[{"@type":"SearchAction","target":{"@type":"EntryPoint","urlTemplate":"https:\/\/www.familyup.be\/?s={search_term_string}"},"query-input":{"@type":"PropertyValueSpecification","valueRequired":true,"valueName":"search_term_string"}}],"inLanguage":"fr-FR"},{"@type":["Person","Organization"],"@id":"https:\/\/www.familyup.be\/#\/schema\/person\/1d17e808a201a93fc8deae7bc38cdb6f","name":"EloiseColassin","image":{"@type":"ImageObject","inLanguage":"fr-FR","@id":"https:\/\/www.familyup.be\/#\/schema\/person\/image\/","url":"https:\/\/www.familyup.be\/wp-content\/uploads\/2025\/10\/cropped-Logo-sans-picto.png","contentUrl":"https:\/\/www.familyup.be\/wp-content\/uploads\/2025\/10\/cropped-Logo-sans-picto.png","width":1023,"height":513,"caption":"EloiseColassin"},"logo":{"@id":"https:\/\/www.familyup.be\/#\/schema\/person\/image\/"},"sameAs":["http:\/\/www.familyup.be"]}]}},"_links":{"self":[{"href":"https:\/\/www.familyup.be\/index.php\/wp-json\/wp\/v2\/pages\/16","targetHints":{"allow":["GET"]}}],"collection":[{"href":"https:\/\/www.familyup.be\/index.php\/wp-json\/wp\/v2\/pages"}],"about":[{"href":"https:\/\/www.familyup.be\/index.php\/wp-json\/wp\/v2\/types\/page"}],"author":[{"embeddable":true,"href":"https:\/\/www.familyup.be\/index.php\/wp-json\/wp\/v2\/users\/1"}],"replies":[{"embeddable":true,"href":"https:\/\/www.familyup.be\/index.php\/wp-json\/wp\/v2\/comments?post=16"}],"version-history":[{"count":56,"href":"https:\/\/www.familyup.be\/index.php\/wp-json\/wp\/v2\/pages\/16\/revisions"}],"predecessor-version":[{"id":491,"href":"https:\/\/www.familyup.be\/index.php\/wp-json\/wp\/v2\/pages\/16\/revisions\/491"}],"wp:attachment":[{"href":"https:\/\/www.familyup.be\/index.php\/wp-json\/wp\/v2\/media?parent=16"}],"curies":[{"name":"wp","href":"https:\/\/api.w.org\/{rel}","templated":true}]}}